{"id":3,"date":"2023-11-20T12:44:13","date_gmt":"2023-11-20T11:44:13","guid":{"rendered":"https:\/\/192.168.2.91:5052\/?page_id=3"},"modified":"2024-01-07T13:20:47","modified_gmt":"2024-01-07T12:20:47","slug":"datenschutzerklaerung","status":"publish","type":"page","link":"https:\/\/sophia-nodia.de\/?page_id=3","title":{"rendered":"Datenschutzerkl\u00e4rung"},"content":{"rendered":"\n<p class=\"has-medium-font-size\">Diese Webseite ist rein privater Natur und dient ausschlie\u00dflich meiner pers\u00f6nlichen Darstellung! Es werden keine journalistischen, weltanschaulichen oder gewerbsm\u00e4\u00dfigen Ziele verfolgt.<br><br><strong>Datenerhebung und Verarbeitung:<br><\/strong><br>Diese Webseite erhebt, speichert und verarbeitet keine Benutzerdaten. Lediglich zur Kontaktaufnahme per Email oder Formular werden die Absenderdaten (Email-Adresse und gegebenenfalls freiwillige Angaben zur weiteren Kontaktaufnahme wie Anschrift und Telefonnummer) gespeichert. Diese Daten werden solange gespeichert wie es zur Erf\u00fcllung des Zwecks notwendig ist, zum Beispiel zur Kontaktaufnahme oder Beantwortung.<br><br>Typischerweise \u00fcbermitteln Webbrowser bei dem Aufruf einer Internetseite verschiedene Daten wie die eigene aktuelle IP-Adresse, Name und Version des Webbrowsers sowie des Betriebssystems, Markenname des Endger\u00e4tes, Name der aufgerufenen URL und gegebenenfalls die Seite, von der aus Sie zu uns gelangt sind. <br><br>Es werden Besuche der Seite gez\u00e4hlt ohne deren IP-Adresse zu erfassen oder zu speichern. IP-Adressen sind anonymisiert und lassen sich nicht pers\u00f6nlich zuordnen. F\u00fcr statistische Zwecke erfolgt eine Auswertung der Zugriffe auf diese Webseite, ohne dass pers\u00f6nliche R\u00fcckschl\u00fcsse gezogen werden k\u00f6nnen. Die statistische Auswertung ist auf den Zeitraum eines Jahres begrenzt.<br><br><strong>Cookies:<\/strong><br><br>Diese Webseite nutzt keine Cookies und speichert keine Daten auf dem Nutzerger\u00e4t.<br><br><strong>Verlinkung, Recht an Medien wie Bilder und Videos:<\/strong><\/p>\n\n\n\n<p class=\"has-medium-font-size\">Weiterf\u00fchrende Verlinkung (links) werden extern ge\u00f6ffnet, es sind keine externen Medien oder Inhalte eingebettet. Alle hier vorgestellten Medien wie Bilder und Videos wurden selbst aufgenommen, die Rechte daran liegen ausschlie\u00dflich bei dem Betreiber dieser Webseite.<br><\/p>\n\n\n\n<p class=\"has-medium-font-size\"><strong>Recht an den eigenen Daten:<\/strong><\/p>\n\n\n\n<p class=\"has-medium-font-size\">Pers\u00f6nliche Daten werden ausschlie\u00dflich freiwillig per Email versendet.<br>F\u00fcr die L\u00f6schung oder Korrektur von Daten nutzen Sie bitte das Kontaktformular, \u00fcber die diese Daten auch angegeben wurden. <br><br><strong>Beschwerderecht:<\/strong> <br><\/p>\n\n\n\n<p class=\"has-medium-font-size\">Sie k\u00f6nnen sich jederzeit direkt beschweren. Hierzu nutzen sie bitte die M\u00f6glichkeit beim Hessischen Beauftragten f\u00fcr Datenschutz vorstellig zu werden.<br><br>Der Internetauftritt des zust\u00e4ndigen hessischen Datenschutzbeauftragten:<br><br><a href=\"https:\/\/datenschutz.hessen.de\/\" target=\"_blank\" rel=\"noreferrer noopener\">https:\/\/datenschutz.hessen.de\/<\/a><br><br>Der Hessische Beauftragte f\u00fcr Datenschutz und Informationsfreiheit<br>Postfach 3163<br>65021 Wiesbaden<br><br>Telefon: +496111408-0<br><br><a href=\"mailto:poststelle@datenschutz.hessen.de\" data-type=\"link\" data-id=\"poststelle@datenschutz.hessen.de\" target=\"_blank\" rel=\"noreferrer noopener\">poststelle@datenschutz.hessen.de<\/a><\/p>\n","protected":false},"excerpt":{"rendered":"<p>Diese Webseite ist rein privater Natur und dient ausschlie\u00dflich meiner pers\u00f6nlichen Darstellung! Es werden keine journalistischen, weltanschaulichen oder gewerbsm\u00e4\u00dfigen Ziele verfolgt. Datenerhebung und Verarbeitung:Diese Webseite erhebt, speichert und verarbeitet keine Benutzerdaten. Lediglich zur Kontaktaufnahme per Email oder Formular werden die Absenderdaten (Email-Adresse und gegebenenfalls freiwillige Angaben zur weiteren Kontaktaufnahme wie Anschrift und Telefonnummer) gespeichert. Diese [&hellip;]<\/p>\n","protected":false},"author":1,"featured_media":0,"parent":0,"menu_order":0,"comment_status":"closed","ping_status":"open","template":"","meta":{"cybocfi_hide_featured_image":"","footnotes":""},"class_list":["post-3","page","type-page","status-publish","hentry"],"_links":{"self":[{"href":"https:\/\/sophia-nodia.de\/index.php?rest_route=\/wp\/v2\/pages\/3","targetHints":{"allow":["GET"]}}],"collection":[{"href":"https:\/\/sophia-nodia.de\/index.php?rest_route=\/wp\/v2\/pages"}],"about":[{"href":"https:\/\/sophia-nodia.de\/index.php?rest_route=\/wp\/v2\/types\/page"}],"author":[{"embeddable":true,"href":"https:\/\/sophia-nodia.de\/index.php?rest_route=\/wp\/v2\/users\/1"}],"replies":[{"embeddable":true,"href":"https:\/\/sophia-nodia.de\/index.php?rest_route=%2Fwp%2Fv2%2Fcomments&post=3"}],"version-history":[{"count":4,"href":"https:\/\/sophia-nodia.de\/index.php?rest_route=\/wp\/v2\/pages\/3\/revisions"}],"predecessor-version":[{"id":136,"href":"https:\/\/sophia-nodia.de\/index.php?rest_route=\/wp\/v2\/pages\/3\/revisions\/136"}],"wp:attachment":[{"href":"https:\/\/sophia-nodia.de\/index.php?rest_route=%2Fwp%2Fv2%2Fmedia&parent=3"}],"curies":[{"name":"wp","href":"https:\/\/api.w.org\/{rel}","templated":true}]}}